{"id":682,"date":"2019-02-07T07:45:23","date_gmt":"2019-02-07T06:45:23","guid":{"rendered":"https:\/\/virtualguru.cz\/?page_id=682"},"modified":"2020-01-02T06:04:50","modified_gmt":"2020-01-02T05:04:50","slug":"slovnicek-virtualizace","status":"publish","type":"page","link":"https:\/\/virtualguru.cz\/en\/slovnicek-virtualizace\/","title":{"rendered":"Virtualization Vocabulary"},"content":{"rendered":"<h2><strong>A<\/strong><\/h2>\n<table>\n<tbody>\n<tr>\n<td style=\"width: 150px;\">ATS<\/td>\n<td style=\"width: 550px;\">Atomic Test and Set,<span class=\"tlid-translation translation\"><span class=\"\" title=\"\"> je vylep\u0161en\u00fd mechanismus z\u00e1mk\u016f VMFS\u00a0 navr\u017een\u00fd tak, aby p\u0159i aktualizaci metadat nahradil pou\u017eit\u00ed rezervac\u00ed SCSI na svazc\u00edch. Vice <a href=\"https:\/\/storagehub.vmware.com\/t\/vsphere-storage\/vmware-vsphere-apis-array-integration-vaai-1\/atomic-test-set-ats\/\">zde<\/a>.<\/span><\/span><\/td>\n<\/tr>\n<\/tbody>\n<\/table>\n<h2><strong>C<\/strong><\/h2>\n<table style=\"width: 100%;\">\n<tbody>\n<tr>\n<td style=\"width: 23.3871%;\">CLOM<\/td>\n<td style=\"width: 76.4785%;\">Cluster Level Object Manager,<span class=\"tlid-translation translation\"><span class=\"\" title=\"\"><br \/>\n<\/span><\/span><\/td>\n<\/tr>\n<tr>\n<td style=\"width: 23.3871%;\">CLOMD<\/td>\n<td style=\"width: 76.4785%;\">Cluster Level Object Manager Daemon,<\/td>\n<\/tr>\n<tr>\n<td style=\"width: 23.3871%;\">CMMDS<\/td>\n<td style=\"width: 76.4785%;\">Cluster Monitoring, Membership, and Directory Service,<\/td>\n<\/tr>\n<\/tbody>\n<\/table>\n<h2><strong>D<\/strong><\/h2>\n<table style=\"height: 14px;\">\n<tbody>\n<tr>\n<td style=\"width: 150px;\">DOM<\/td>\n<td style=\"width: 550px;\">Distributed Object Manager,<\/td>\n<\/tr>\n<tr>\n<td style=\"width: 150px;\">DRS<\/td>\n<td style=\"width: 550px;\">Distributed Resource Scheduler, je technologie, kter\u00e1 zaji\u0161\u0165uje rovnom\u011brn\u00e9 vyv\u00e1\u017een\u00ed v\u00fdpo\u010detn\u00edch prost\u0159edk\u016f (CPU a RAM) v r\u00e1mci clusteru.<\/td>\n<\/tr>\n<\/tbody>\n<\/table>\n<h2><strong>F<\/strong><\/h2>\n<table>\n<tbody>\n<tr>\n<td style=\"width: 150px;\">FT<\/td>\n<td style=\"width: 550px;\">Fault Tolerance, je technologie, kter\u00e1 zaji\u0161\u0165uje nep\u0159etr\u017eitou dostupnost aplikace. Je vhodn\u00e1 pro takov\u00e9 syst\u00e9my, kter\u00e9 samy neum\u00ed vysokou dostupnost.<\/td>\n<\/tr>\n<\/tbody>\n<\/table>\n<h2><strong>H<\/strong><\/h2>\n<table>\n<tbody>\n<tr>\n<td style=\"width: 150px;\">HA<\/td>\n<td style=\"width: 550px;\">High Availability, technologie, kter\u00e1 zaji\u0161\u0165uje vysokou dostupnost na \u00farovni VM.<\/td>\n<\/tr>\n<\/tbody>\n<\/table>\n<h2><strong>L<\/strong><\/h2>\n<table>\n<tbody>\n<tr>\n<td style=\"width: 150px;\">LSOM<\/td>\n<td style=\"width: 550px;\">Local Log Structured Object Manager,<\/td>\n<\/tr>\n<\/tbody>\n<\/table>\n<h2><strong>M<\/strong><\/h2>\n<table>\n<tbody>\n<tr>\n<td style=\"width: 150px;\">MPIO<\/td>\n<td style=\"width: 550px;\">Multipath I\/O, technologie v\u00edcen\u00e1sobn\u00e9ho p\u0159\u00edstupu ke storage. Typicky ka\u017ed\u00e1 cesta k jin\u00e9mu kontrol\u00e9ru. Zaji\u0161\u0165uje redundanci a vyva\u017eov\u00e1n\u00ed z\u00e1t\u011b\u017ee. V\u00edce <a href=\"https:\/\/docs.vmware.com\/en\/VMware-vSphere\/6.7\/com.vmware.vsphere.storage.doc\/GUID-DD2FFAA7-796E-414C-84CE-1FCC14474D5B.html\">zde<\/a>.<\/td>\n<\/tr>\n<\/tbody>\n<\/table>\n<h2><strong>N<\/strong><\/h2>\n<table>\n<tbody>\n<tr>\n<td style=\"width: 150px;\">NIOC<\/td>\n<td style=\"width: 550px;\">Network I\/O Control, je mechanizmus, d\u00edky kter\u00e9mu se d\u00e1 omezovat nebo rezervovat \u0161\u00ed\u0159ka p\u00e1sma pro konkr\u00e9tn\u00ed \u00fa\u010del. V\u00edce <a href=\"https:\/\/docs.vmware.com\/en\/VMware-vSphere\/6.7\/com.vmware.vsphere.networking.doc\/GUID-ADEA0213-C969-43E4-B1F4-66D4A916EBDF.html\">zde<\/a>.<\/td>\n<\/tr>\n<\/tbody>\n<\/table>\n<h2><strong>O<\/strong><\/h2>\n<table>\n<tbody>\n<tr>\n<td style=\"width: 150px;\">OSFS<\/td>\n<td style=\"width: 550px;\">Object Storage File System,<\/td>\n<\/tr>\n<tr>\n<td style=\"width: 150px;\">OSFSD<\/td>\n<td style=\"width: 550px;\">Object Storage File System Daemon,<\/td>\n<\/tr>\n<\/tbody>\n<\/table>\n<h2><strong>R<\/strong><\/h2>\n<table>\n<tbody>\n<tr>\n<td style=\"width: 150px;\">RDT<\/td>\n<td style=\"width: 550px;\">Reliable Datagram Transport<\/td>\n<\/tr>\n<tr>\n<td style=\"width: 150px;\">RVC<\/td>\n<td style=\"width: 550px;\">Ruby vSphere Console,<\/td>\n<\/tr>\n<\/tbody>\n<\/table>\n<h2><strong>S<\/strong><\/h2>\n<table>\n<tbody>\n<tr>\n<td style=\"width: 150px;\">SIOC<\/td>\n<td style=\"width: 550px;\">Storage I\/O Control, podobn\u011b jako v s\u00edt\u00edch, tato technologie umo\u017e\u0148uje rezervovat a omezovat v\u00fdkon pro operace se storage. V\u00edce <a href=\"https:\/\/storagehub.vmware.com\/t\/vsphere-storage\/vsphere-6-5-storage-1\/storage-i-o-control-v2-2\/\">zde<\/a>.<\/td>\n<\/tr>\n<tr>\n<td style=\"width: 150px;\">SPBM<\/td>\n<td style=\"width: 550px;\">Storage Policy-Based Management,<\/td>\n<\/tr>\n<\/tbody>\n<\/table>\n<h2><strong>U<\/strong><\/h2>\n<table>\n<tbody>\n<tr>\n<td style=\"width: 150px;\">UUID<\/td>\n<td style=\"width: 550px;\">Universally unique identifier,<\/td>\n<\/tr>\n<\/tbody>\n<\/table>\n<h2><strong>V<\/strong><\/h2>\n<table>\n<tbody>\n<tr>\n<td style=\"width: 150px;\">VAAI<\/td>\n<td style=\"width: 550px;\">vSphere Storage APIs Array Integration, V\u00edce <a href=\"https:\/\/www.vmware.com\/content\/dam\/digitalmarketing\/vmware\/en\/pdf\/techpaper\/vmware-vsphere-storage-api-array-integration-white-paper.pdf\">zde<\/a>.<\/td>\n<\/tr>\n<tr>\n<td style=\"width: 150px;\">VAMI<\/td>\n<td style=\"width: 550px;\">vCenter Server Appliance Web Console,\u00a0 jedn\u00e1 se o web management samotn\u00e9 vCSA, od verze 6.0U1 p\u0159ejmenov\u00e1n na Appliance MUI<\/td>\n<\/tr>\n<tr>\n<td style=\"width: 150px;\">vCenter<\/td>\n<td style=\"width: 550px;\">Je z\u00e1kladn\u00ed management konzole virtu\u00e1ln\u00edho prost\u0159ed\u00ed na platform\u011b VMware<\/td>\n<\/tr>\n<tr>\n<td style=\"width: 150px;\">vCSA<\/td>\n<td style=\"width: 550px;\">vCenter Server Appliance, viz. vCenter<\/td>\n<\/tr>\n<tr>\n<td style=\"width: 150px;\">VTEP<\/td>\n<td style=\"width: 550px;\">VXLAN Tunnel End Point<\/td>\n<\/tr>\n<\/tbody>\n<\/table>\n<p>&nbsp;<\/p>\n<p>&nbsp;<\/p>\n<p>&nbsp;<\/p>\n<p>&nbsp;<\/p>\n<p>&nbsp;<\/p>\n<p>&nbsp;<\/p>\n<p>&nbsp;<\/p>","protected":false},"excerpt":{"rendered":"<p>A ATS Atomic Test and Set, je vylep\u0161en\u00fd mechanismus z\u00e1mk\u016f VMFS\u00a0 navr\u017een\u00fd tak, aby p\u0159i aktualizaci metadat nahradil pou\u017eit\u00ed rezervac\u00ed SCSI na svazc\u00edch. Vice zde.&#8230;<\/p>\n<div class=\"more-link-wrapper\"><a class=\"more-link\" href=\"https:\/\/virtualguru.cz\/en\/slovnicek-virtualizace\/\">Continue Reading<span class=\"screen-reader-text\">Virtualization Vocabulary<\/span> <i class=\"fas fa-angle-right\"><\/i><\/a><\/div>","protected":false},"author":3,"featured_media":0,"parent":0,"menu_order":0,"comment_status":"closed","ping_status":"closed","template":"","meta":{"_monsterinsights_skip_tracking":false,"_monsterinsights_sitenote_active":false,"_monsterinsights_sitenote_note":"","_monsterinsights_sitenote_category":0,"iawp_total_views":31,"footnotes":""},"class_list":["post-682","page","type-page","status-publish","hentry","entry"],"_links":{"self":[{"href":"https:\/\/virtualguru.cz\/en\/wp-json\/wp\/v2\/pages\/682","targetHints":{"allow":["GET"]}}],"collection":[{"href":"https:\/\/virtualguru.cz\/en\/wp-json\/wp\/v2\/pages"}],"about":[{"href":"https:\/\/virtualguru.cz\/en\/wp-json\/wp\/v2\/types\/page"}],"author":[{"embeddable":true,"href":"https:\/\/virtualguru.cz\/en\/wp-json\/wp\/v2\/users\/3"}],"replies":[{"embeddable":true,"href":"https:\/\/virtualguru.cz\/en\/wp-json\/wp\/v2\/comments?post=682"}],"version-history":[{"count":29,"href":"https:\/\/virtualguru.cz\/en\/wp-json\/wp\/v2\/pages\/682\/revisions"}],"predecessor-version":[{"id":928,"href":"https:\/\/virtualguru.cz\/en\/wp-json\/wp\/v2\/pages\/682\/revisions\/928"}],"wp:attachment":[{"href":"https:\/\/virtualguru.cz\/en\/wp-json\/wp\/v2\/media?parent=682"}],"curies":[{"name":"wp","href":"https:\/\/api.w.org\/{rel}","templated":true}]}}