{"id":59,"date":"2018-01-28T14:45:06","date_gmt":"2018-01-28T13:45:06","guid":{"rendered":"https:\/\/virtualguru.cz\/?page_id=59"},"modified":"2018-03-16T11:39:50","modified_gmt":"2018-03-16T10:39:50","slug":"josef-zach","status":"publish","type":"page","link":"https:\/\/virtualguru.cz\/en\/josef-zach\/","title":{"rendered":"Josef Zach"},"content":{"rendered":"<p><img loading=\"lazy\" decoding=\"async\" class=\"alignleft wp-image-108\" src=\"https:\/\/virtualguru.cz\/wp-content\/uploads\/2018\/01\/JZ-profesni-foto.png\" alt=\"\" width=\"146\" height=\"179\" \/>\u00a0 IT a po\u010d\u00edta\u010de celkov\u011b m\u011b bavili u\u017e od d\u011btstv\u00ed, kdy jsem tr\u00e1pil Didaktik Gama, \u010desk\u00fd klon ZX Spectrum, a z\u00e1vid\u011bl kamar\u00e1d\u016fm \u00fa\u017easnou grafiku na Amiga 500. V pr\u016fb\u011bhu studi\u00ed jsem se kone\u010dn\u011b dostal k &#8222;opravdov\u00fdm&#8220; po\u010d\u00edta\u010d\u016fm s x86 architekturou PC XT 16 NB, z Nov\u00e9ho Boru.<\/p>\n<p>St\u00e1le, a\u010d je to v sou\u010dasn\u00e9 dob\u011b k nev\u00ed\u0159e, pracuji u sv\u00e9ho prvn\u00edho zam\u011bstnavatele, kter\u00fdm je spole\u010dnost ALWIL Trade s.r.o.. Zde jsem se postupn\u011b p\u0159es IT specialistu na desktopy\/noteboky dostal p\u0159es tisk\u00e1rny a\u017e k server\u016fm a diskov\u00fdm pol\u00edm.<\/p>\n<p>S VMware jsem p\u0159i\u0161el do styku v roce 2009, kdy jsme nasazovali VMware ESX 3.5 u na\u0161ich z\u00e1kazn\u00edk\u016f. P\u0159elomov\u00fdm byl pro m\u011b rok 2010, kdy jsem v r\u00e1mci projektu\u00a0 implentoval kompletn\u00ed infrastrukturu pro virtualizaci cca 600 desktop\u016f na VMware View 4.5.<\/p>\n<p>V pr\u016fb\u011bhu let jsem absolvoval n\u011bkolik \u0161kolen\u00ed a web tr\u00e9nink\u016f, tak abych splnil krit\u00e9ria pro VSP\/VTSP a VTSP Post-Sales, na kompetence t\u00fdkaj\u00edc\u00ed se Software Defined Storage, Software Defined Network, Business Continuity, End User Computing.\u00a0 V roce 2016-2017 jsem obdr\u017eel ocen\u011bn\u00ed VMware vExpert a v dubnu 2017 jsem se stal jedn\u00edm z leader\u016f\u00a0 \u010desk\u00e9 VMware komunity &#8211; VMware User Group.<\/p>\n<p>V sou\u010dasn\u00e9 dob\u011b moje pr\u00e1ce pokr\u00fdv\u00e1 oblast post technick\u00e9ho presales a syst\u00e9mov\u00e9ho in\u017een\u00fdra pro n\u00e1vrhy \u0159e\u0161en\u00ed pro HPE servery &amp; storage, VMware a Veeam.<\/p>\n<p>&nbsp;<\/p>\n<p>VMware certifikace:<\/p>\n<p><img loading=\"lazy\" decoding=\"async\" class=\"size-medium wp-image-68 alignleft\" src=\"https:\/\/virtualguru.cz\/wp-content\/uploads\/2018\/01\/VCP_6_DCV_125.png\" alt=\"\" width=\"125\" height=\"125\" \/><img loading=\"lazy\" decoding=\"async\" class=\"alignleft\" src=\"https:\/\/acclaim-production-app.s3.amazonaws.com\/images\/80de8ae8-7eb5-4721-a6f3-b2005fe07cc8\/vmware_professional7_DM.png\" alt=\"VMware Certified Professional 7 \u2013 Desktop and Mobility\" width=\"124\" height=\"124\" \/><img loading=\"lazy\" decoding=\"async\" class=\"alignleft\" src=\"https:\/\/acclaim-production-app.s3.amazonaws.com\/images\/5f16898f-211a-4f82-b073-e6eac2d333be\/vmware_2X_DCVM.png\" alt=\"Double VCP \u2013 Data Center Virtualization &amp; Desktop Mobility\" width=\"125\" height=\"125\" \/><img loading=\"lazy\" decoding=\"async\" class=\"alignleft\" src=\"http:\/\/blogs.vmware.com\/education\/files\/2014\/04\/VCAP-DCA-294x300.jpg\" alt=\"VCAP-DCA\" width=\"122\" height=\"124\" \/><\/p>\n<p>&nbsp;<\/p>\n<p>&nbsp;<\/p>\n<p>&nbsp;<\/p>\n<p>&nbsp;<\/p>\n<p>Hewlett Packard Enterprise certifikace:<\/p>\n<p><img loading=\"lazy\" decoding=\"async\" class=\"size-medium wp-image-64 alignnone\" src=\"https:\/\/virtualguru.cz\/wp-content\/uploads\/2018\/01\/HPE-ATP_125.png\" alt=\"\" width=\"231\" height=\"125\" \/>\u00a0<img loading=\"lazy\" decoding=\"async\" class=\"wp-image-116 alignnone\" src=\"https:\/\/virtualguru.cz\/wp-content\/uploads\/2018\/01\/MASExp_hrcmyk-300x162.jpg\" alt=\"\" width=\"236\" height=\"127\" srcset=\"https:\/\/virtualguru.cz\/wp-content\/uploads\/2018\/01\/MASExp_hrcmyk-300x162.jpg 300w, https:\/\/virtualguru.cz\/wp-content\/uploads\/2018\/01\/MASExp_hrcmyk-768x415.jpg 768w, https:\/\/virtualguru.cz\/wp-content\/uploads\/2018\/01\/MASExp_hrcmyk.jpg 845w\" sizes=\"auto, (max-width: 236px) 100vw, 236px\" \/><\/p>\n<p>VEEAM certifikace:<\/p>\n<p><img loading=\"lazy\" decoding=\"async\" class=\"\" src=\"https:\/\/img.veeam.com\/vmce\/vmce_v9.png\" width=\"237\" height=\"82\" \/><\/p>","protected":false},"excerpt":{"rendered":"<p>\u00a0 IT a po\u010d\u00edta\u010de celkov\u011b m\u011b bavili u\u017e od d\u011btstv\u00ed, kdy jsem tr\u00e1pil Didaktik Gama, \u010desk\u00fd klon ZX Spectrum, a z\u00e1vid\u011bl kamar\u00e1d\u016fm \u00fa\u017easnou grafiku na&#8230;<\/p>\n<div class=\"more-link-wrapper\"><a class=\"more-link\" href=\"https:\/\/virtualguru.cz\/en\/josef-zach\/\">Continue Reading<span class=\"screen-reader-text\">Josef Zach<\/span> <i class=\"fas fa-angle-right\"><\/i><\/a><\/div>","protected":false},"author":3,"featured_media":0,"parent":0,"menu_order":0,"comment_status":"closed","ping_status":"closed","template":"","meta":{"_monsterinsights_skip_tracking":false,"_monsterinsights_sitenote_active":false,"_monsterinsights_sitenote_note":"","_monsterinsights_sitenote_category":0,"iawp_total_views":48,"footnotes":""},"class_list":["post-59","page","type-page","status-publish","hentry","entry"],"_links":{"self":[{"href":"https:\/\/virtualguru.cz\/en\/wp-json\/wp\/v2\/pages\/59","targetHints":{"allow":["GET"]}}],"collection":[{"href":"https:\/\/virtualguru.cz\/en\/wp-json\/wp\/v2\/pages"}],"about":[{"href":"https:\/\/virtualguru.cz\/en\/wp-json\/wp\/v2\/types\/page"}],"author":[{"embeddable":true,"href":"https:\/\/virtualguru.cz\/en\/wp-json\/wp\/v2\/users\/3"}],"replies":[{"embeddable":true,"href":"https:\/\/virtualguru.cz\/en\/wp-json\/wp\/v2\/comments?post=59"}],"version-history":[{"count":14,"href":"https:\/\/virtualguru.cz\/en\/wp-json\/wp\/v2\/pages\/59\/revisions"}],"predecessor-version":[{"id":117,"href":"https:\/\/virtualguru.cz\/en\/wp-json\/wp\/v2\/pages\/59\/revisions\/117"}],"wp:attachment":[{"href":"https:\/\/virtualguru.cz\/en\/wp-json\/wp\/v2\/media?parent=59"}],"curies":[{"name":"wp","href":"https:\/\/api.w.org\/{rel}","templated":true}]}}