{"id":56,"date":"2018-01-28T14:43:36","date_gmt":"2018-01-28T13:43:36","guid":{"rendered":"https:\/\/virtualguru.cz\/?page_id=56"},"modified":"2025-02-17T16:55:55","modified_gmt":"2025-02-17T15:55:55","slug":"jiri-viktorin","status":"publish","type":"page","link":"https:\/\/virtualguru.cz\/en\/jiri-viktorin\/","title":{"rendered":"Ji\u0159\u00ed Viktorin"},"content":{"rendered":"<p><a href=\"https:\/\/virtualguru.cz\/wp-content\/uploads\/2021\/05\/1-3.jpg\"><img loading=\"lazy\" decoding=\"async\" class=\"wp-image-1231 alignleft\" src=\"https:\/\/virtualguru.cz\/wp-content\/uploads\/2021\/05\/1-3-200x300.jpg\" alt=\"\" width=\"149\" height=\"224\" srcset=\"https:\/\/virtualguru.cz\/wp-content\/uploads\/2021\/05\/1-3-200x300.jpg 200w, https:\/\/virtualguru.cz\/wp-content\/uploads\/2021\/05\/1-3.jpg 667w\" sizes=\"auto, (max-width: 149px) 100vw, 149px\" \/><\/a>I have studied IT High school and then also Brno University of Technology, Fakulty of Information technologies.<\/p>\n<p>Also during my studies I was interested in lecturing Microsoft Office courses (Word, Excel, PowerPoint, Access), but also Microsoft Windows courses (Windows XP, Windows 2003 etc.)<\/p>\n<p>I worked in an outsourcing company Tieto, where I have reached a lot of practical experience. And here I have come to VMware technologies, with which I am in touch till nowadays.<\/p>\n<p>Aktu\u00e1ln\u011b pracuji ve firm\u011b Arrow ECS na pozici Technical Solutions Architect pro produkty VMware, zejm\u00e9na v\u011bci t\u00fdkaj\u00edc\u00ed se VCF (VMware Cloud Foundation) &#8211; vSphere, vSAN, NSX a tak\u00e9 Aria Automation a Operation. Tak\u00e9 jsem z\u016fstal v\u011brn\u00fd End User Computing (Horizon, AppVolumes, DEM, Workspace One, &#8230;) ale nyn\u00ed u\u017e pod hlavi\u010dkou Omnissa.<\/p>\n<p>Nejnov\u011bji se no\u0159\u00edm do hloubky Kubernetes, Tanzu a AVI LB<\/p>\n<p>Sou\u010dasn\u011b se se mnou m\u016f\u017eete tak\u00e9 setkat na \u0161kolen\u00edch VMware produkt\u016f ve \u0161kolic\u00edm st\u0159edisku Arrow ECS<\/p>\n<p><iframe loading=\"lazy\" src=\"https:\/\/calendar.google.com\/calendar\/embed?height=600&#038;wkst=2&#038;ctz=Europe%2FPrague&#038;showPrint=0&#038;showCalendars=0&#038;title=%C5%A0kolen%C3%AD%20VMware-Arrow&#038;src=MjlkYmRiOGYxNmRjZmE5MmUxOTczNjZjM2Q0NzEyYmIzZDkxYzRjYjQwNjRmNzRhZWY2NzMwY2YwN2ZjMTJmYkBncm91cC5jYWxlbmRhci5nb29nbGUuY29t&#038;color=%238E24AA\" style=\"border:solid 1px #777\" width=\"800\" height=\"600\" frameborder=\"0\" scrolling=\"no\"><\/iframe><\/p>\n<p><a href=\"https:\/\/www.credly.com\/users\/jiri-viktorin\">Credly<\/a><\/p>\n<p><center><\/p>\n<div data-iframe-width=\"150\" data-iframe-height=\"270\" data-share-badge-id=\"ee81054e-14d1-4395-bdeb-ce836db3a19b\" data-share-badge-host=\"https:\/\/www.credly.com\"><\/div>\n<p><script type=\"text\/javascript\" async src=\"\/\/cdn.credly.com\/assets\/utilities\/embed.js\"><\/script><img decoding=\"async\" title=\"vExpert Badge\" src=\"https:\/\/vexpert.vmware.com\/directory\/185\/vexpert-badge-year.png\" alt=\"vExpert Badge\" width=\"256\" \/> <img decoding=\"async\" title=\"vExpert Badge\" src=\"https:\/\/vexpert.vmware.com\/directory\/185\/vexpert-badge-stars.png\" alt=\"vExpert Badge\" width=\"256\" \/><\/center><\/p>","protected":false},"excerpt":{"rendered":"<p>V oboru IT jsem vystudoval St\u0159edn\u00ed pr\u016fmyslovou \u0161kolu, d\u00e1le pak i vysokou \u0161kolu VUT v Brn\u011b, Fakulta Informa\u010dn\u00edch technologi\u00ed. U\u017e p\u0159i studiu jsem se zab\u00fdval&#8230;<\/p>\n<div class=\"more-link-wrapper\"><a class=\"more-link\" href=\"https:\/\/virtualguru.cz\/en\/jiri-viktorin\/\">Continue Reading<span class=\"screen-reader-text\">Ji\u0159\u00ed Viktorin<\/span> <i class=\"fas fa-angle-right\"><\/i><\/a><\/div>","protected":false},"author":3,"featured_media":0,"parent":0,"menu_order":0,"comment_status":"closed","ping_status":"closed","template":"","meta":{"_monsterinsights_skip_tracking":false,"_monsterinsights_sitenote_active":false,"_monsterinsights_sitenote_note":"","_monsterinsights_sitenote_category":0,"iawp_total_views":91,"footnotes":""},"class_list":["post-56","page","type-page","status-publish","hentry","entry"],"_links":{"self":[{"href":"https:\/\/virtualguru.cz\/en\/wp-json\/wp\/v2\/pages\/56","targetHints":{"allow":["GET"]}}],"collection":[{"href":"https:\/\/virtualguru.cz\/en\/wp-json\/wp\/v2\/pages"}],"about":[{"href":"https:\/\/virtualguru.cz\/en\/wp-json\/wp\/v2\/types\/page"}],"author":[{"embeddable":true,"href":"https:\/\/virtualguru.cz\/en\/wp-json\/wp\/v2\/users\/3"}],"replies":[{"embeddable":true,"href":"https:\/\/virtualguru.cz\/en\/wp-json\/wp\/v2\/comments?post=56"}],"version-history":[{"count":26,"href":"https:\/\/virtualguru.cz\/en\/wp-json\/wp\/v2\/pages\/56\/revisions"}],"predecessor-version":[{"id":1673,"href":"https:\/\/virtualguru.cz\/en\/wp-json\/wp\/v2\/pages\/56\/revisions\/1673"}],"wp:attachment":[{"href":"https:\/\/virtualguru.cz\/en\/wp-json\/wp\/v2\/media?parent=56"}],"curies":[{"name":"wp","href":"https:\/\/api.w.org\/{rel}","templated":true}]}}